{"id":9,"date":"2025-01-16T13:51:20","date_gmt":"2025-01-16T12:51:20","guid":{"rendered":"https:\/\/avasse-se.fr\/?page_id=9"},"modified":"2025-01-16T13:51:20","modified_gmt":"2025-01-16T12:51:20","slug":"les-produits","status":"publish","type":"page","link":"https:\/\/avasse-se.fr\/index.php\/les-produits\/","title":{"rendered":"Les produits"},"content":{"rendered":"","protected":false},"excerpt":{"rendered":"","protected":false},"author":1,"featured_media":0,"parent":0,"menu_order":0,"comment_status":"closed","ping_status":"closed","template":"","meta":{"_uag_custom_page_level_css":"","site-sidebar-layout":"default","site-content-layout":"","ast-site-content-layout":"default","site-content-style":"default","site-sidebar-style":"default","ast-global-header-display":"","ast-banner-title-visibility":"","ast-main-header-display":"","ast-hfb-above-header-display":"","ast-hfb-below-header-display":"","ast-hfb-mobile-header-display":"","site-post-title":"","ast-breadcrumbs-content":"","ast-featured-img":"","footer-sml-layout":"","theme-transparent-header-meta":"","adv-header-id-meta":"","stick-header-meta":"","header-above-stick-meta":"","header-main-stick-meta":"","header-below-stick-meta":"","astra-migrate-meta-layouts":"default","ast-page-background-enabled":"default","ast-page-background-meta":{"desktop":{"background-color":"var(--ast-global-color-5)","background-image":"","background-repeat":"repeat","background-position":"center center","background-size":"auto","background-attachment":"scroll","background-type":"","background-media":"","overlay-type":"","overlay-color":"","overlay-opacity":"","overlay-gradient":""},"tablet":{"background-color":"","background-image":"","background-repeat":"repeat","background-position":"center center","background-size":"auto","background-attachment":"scroll","background-type":"","background-media":"","overlay-type":"","overlay-color":"","overlay-opacity":"","overlay-gradient":""},"mobile":{"background-color":"","background-image":"","background-repeat":"repeat","background-position":"center center","background-size":"auto","background-attachment":"scroll","background-type":"","background-media":"","overlay-type":"","overlay-color":"","overlay-opacity":"","overlay-gradient":""}},"ast-content-background-meta":{"desktop":{"background-color":"var(--ast-global-color-4)","background-image":"","background-repeat":"repeat","background-position":"center center","background-size":"auto","background-attachment":"scroll","background-type":"","background-media":"","overlay-type":"","overlay-color":"","overlay-opacity":"","overlay-gradient":""},"tablet":{"background-color":"var(--ast-global-color-4)","background-image":"","background-repeat":"repeat","background-position":"center center","background-size":"auto","background-attachment":"scroll","background-type":"","background-media":"","overlay-type":"","overlay-color":"","overlay-opacity":"","overlay-gradient":""},"mobile":{"background-color":"var(--ast-global-color-4)","background-image":"","background-repeat":"repeat","background-position":"center center","background-size":"auto","background-attachment":"scroll","background-type":"","background-media":"","overlay-type":"","overlay-color":"","overlay-opacity":"","overlay-gradient":""}},"footnotes":""},"class_list":["post-9","page","type-page","status-publish","hentry"],"yoast_head":"<!-- This site is optimized with the Yoast SEO plugin v26.0 - https:\/\/yoast.com\/wordpress\/plugins\/seo\/ -->\n<title>Les produits - AVASSE<\/title>\n<meta name=\"robots\" content=\"index, follow, max-snippet:-1, max-image-preview:large, max-video-preview:-1\" \/>\n<link rel=\"canonical\" href=\"https:\/\/avasse-se.fr\/index.php\/les-produits\/\" \/>\n<meta property=\"og:locale\" content=\"en_US\" \/>\n<meta property=\"og:type\" content=\"article\" \/>\n<meta property=\"og:title\" content=\"Les produits - AVASSE\" \/>\n<meta property=\"og:url\" content=\"https:\/\/avasse-se.fr\/index.php\/les-produits\/\" \/>\n<meta property=\"og:site_name\" content=\"AVASSE\" \/>\n<meta name=\"twitter:card\" content=\"summary_large_image\" \/>\n<script type=\"application\/ld+json\" class=\"yoast-schema-graph\">{\"@context\":\"https:\/\/schema.org\",\"@graph\":[{\"@type\":\"WebPage\",\"@id\":\"https:\/\/avasse-se.fr\/index.php\/les-produits\/\",\"url\":\"https:\/\/avasse-se.fr\/index.php\/les-produits\/\",\"name\":\"Les produits - AVASSE\",\"isPartOf\":{\"@id\":\"https:\/\/avasse-se.fr\/#website\"},\"datePublished\":\"2025-01-16T12:51:20+00:00\",\"breadcrumb\":{\"@id\":\"https:\/\/avasse-se.fr\/index.php\/les-produits\/#breadcrumb\"},\"inLanguage\":\"en-US\",\"potentialAction\":[{\"@type\":\"ReadAction\",\"target\":[\"https:\/\/avasse-se.fr\/index.php\/les-produits\/\"]}]},{\"@type\":\"BreadcrumbList\",\"@id\":\"https:\/\/avasse-se.fr\/index.php\/les-produits\/#breadcrumb\",\"itemListElement\":[{\"@type\":\"ListItem\",\"position\":1,\"name\":\"Accueil\",\"item\":\"https:\/\/avasse-se.fr\/\"},{\"@type\":\"ListItem\",\"position\":2,\"name\":\"Les produits\"}]},{\"@type\":\"WebSite\",\"@id\":\"https:\/\/avasse-se.fr\/#website\",\"url\":\"https:\/\/avasse-se.fr\/\",\"name\":\"AVASSE\",\"description\":\"Alarme Vid\u00e9osurveillance Acc\u00e8s et porte S\u00e9curis\u00e9 par Syst\u00e8me Electronique\",\"publisher\":{\"@id\":\"https:\/\/avasse-se.fr\/#organization\"},\"potentialAction\":[{\"@type\":\"SearchAction\",\"target\":{\"@type\":\"EntryPoint\",\"urlTemplate\":\"https:\/\/avasse-se.fr\/?s={search_term_string}\"},\"query-input\":{\"@type\":\"PropertyValueSpecification\",\"valueRequired\":true,\"valueName\":\"search_term_string\"}}],\"inLanguage\":\"en-US\"},{\"@type\":\"Organization\",\"@id\":\"https:\/\/avasse-se.fr\/#organization\",\"name\":\"AVASSE\",\"url\":\"https:\/\/avasse-se.fr\/\",\"logo\":{\"@type\":\"ImageObject\",\"inLanguage\":\"en-US\",\"@id\":\"https:\/\/avasse-se.fr\/#\/schema\/logo\/image\/\",\"url\":\"https:\/\/avasse-se.fr\/wp-content\/uploads\/2025\/01\/cropped-logoknza_blanc-1.png\",\"contentUrl\":\"https:\/\/avasse-se.fr\/wp-content\/uploads\/2025\/01\/cropped-logoknza_blanc-1.png\",\"width\":335,\"height\":250,\"caption\":\"AVASSE\"},\"image\":{\"@id\":\"https:\/\/avasse-se.fr\/#\/schema\/logo\/image\/\"}}]}<\/script>\n<!-- \/ Yoast SEO plugin. -->","yoast_head_json":{"title":"Les produits - AVASSE","robots":{"index":"index","follow":"follow","max-snippet":"max-snippet:-1","max-image-preview":"max-image-preview:large","max-video-preview":"max-video-preview:-1"},"canonical":"https:\/\/avasse-se.fr\/index.php\/les-produits\/","og_locale":"en_US","og_type":"article","og_title":"Les produits - AVASSE","og_url":"https:\/\/avasse-se.fr\/index.php\/les-produits\/","og_site_name":"AVASSE","twitter_card":"summary_large_image","schema":{"@context":"https:\/\/schema.org","@graph":[{"@type":"WebPage","@id":"https:\/\/avasse-se.fr\/index.php\/les-produits\/","url":"https:\/\/avasse-se.fr\/index.php\/les-produits\/","name":"Les produits - AVASSE","isPartOf":{"@id":"https:\/\/avasse-se.fr\/#website"},"datePublished":"2025-01-16T12:51:20+00:00","breadcrumb":{"@id":"https:\/\/avasse-se.fr\/index.php\/les-produits\/#breadcrumb"},"inLanguage":"en-US","potentialAction":[{"@type":"ReadAction","target":["https:\/\/avasse-se.fr\/index.php\/les-produits\/"]}]},{"@type":"BreadcrumbList","@id":"https:\/\/avasse-se.fr\/index.php\/les-produits\/#breadcrumb","itemListElement":[{"@type":"ListItem","position":1,"name":"Accueil","item":"https:\/\/avasse-se.fr\/"},{"@type":"ListItem","position":2,"name":"Les produits"}]},{"@type":"WebSite","@id":"https:\/\/avasse-se.fr\/#website","url":"https:\/\/avasse-se.fr\/","name":"AVASSE","description":"Alarme Vid\u00e9osurveillance Acc\u00e8s et porte S\u00e9curis\u00e9 par Syst\u00e8me Electronique","publisher":{"@id":"https:\/\/avasse-se.fr\/#organization"},"potentialAction":[{"@type":"SearchAction","target":{"@type":"EntryPoint","urlTemplate":"https:\/\/avasse-se.fr\/?s={search_term_string}"},"query-input":{"@type":"PropertyValueSpecification","valueRequired":true,"valueName":"search_term_string"}}],"inLanguage":"en-US"},{"@type":"Organization","@id":"https:\/\/avasse-se.fr\/#organization","name":"AVASSE","url":"https:\/\/avasse-se.fr\/","logo":{"@type":"ImageObject","inLanguage":"en-US","@id":"https:\/\/avasse-se.fr\/#\/schema\/logo\/image\/","url":"https:\/\/avasse-se.fr\/wp-content\/uploads\/2025\/01\/cropped-logoknza_blanc-1.png","contentUrl":"https:\/\/avasse-se.fr\/wp-content\/uploads\/2025\/01\/cropped-logoknza_blanc-1.png","width":335,"height":250,"caption":"AVASSE"},"image":{"@id":"https:\/\/avasse-se.fr\/#\/schema\/logo\/image\/"}}]}},"uagb_featured_image_src":{"full":false,"thumbnail":false,"medium":false,"medium_large":false,"large":false,"1536x1536":false,"2048x2048":false},"uagb_author_info":{"display_name":"admin6579","author_link":"https:\/\/avasse-se.fr\/index.php\/author\/admin6579\/"},"uagb_comment_info":0,"uagb_excerpt":null,"_links":{"self":[{"href":"https:\/\/avasse-se.fr\/index.php\/wp-json\/wp\/v2\/pages\/9","targetHints":{"allow":["GET"]}}],"collection":[{"href":"https:\/\/avasse-se.fr\/index.php\/wp-json\/wp\/v2\/pages"}],"about":[{"href":"https:\/\/avasse-se.fr\/index.php\/wp-json\/wp\/v2\/types\/page"}],"author":[{"embeddable":true,"href":"https:\/\/avasse-se.fr\/index.php\/wp-json\/wp\/v2\/users\/1"}],"replies":[{"embeddable":true,"href":"https:\/\/avasse-se.fr\/index.php\/wp-json\/wp\/v2\/comments?post=9"}],"version-history":[{"count":1,"href":"https:\/\/avasse-se.fr\/index.php\/wp-json\/wp\/v2\/pages\/9\/revisions"}],"predecessor-version":[{"id":14,"href":"https:\/\/avasse-se.fr\/index.php\/wp-json\/wp\/v2\/pages\/9\/revisions\/14"}],"wp:attachment":[{"href":"https:\/\/avasse-se.fr\/index.php\/wp-json\/wp\/v2\/media?parent=9"}],"curies":[{"name":"wp","href":"https:\/\/api.w.org\/{rel}","templated":true}]}}