{"id":67,"date":"2025-01-17T11:21:05","date_gmt":"2025-01-17T10:21:05","guid":{"rendered":"https:\/\/avasse-se.fr\/?page_id=67"},"modified":"2025-07-22T17:52:54","modified_gmt":"2025-07-22T15:52:54","slug":"elementor-67","status":"publish","type":"page","link":"https:\/\/avasse-se.fr\/","title":{"rendered":"Accueil"},"content":{"rendered":"\t\t<div data-elementor-type=\"wp-page\" data-elementor-id=\"67\" class=\"elementor elementor-67\">\n\t\t\t\t<div class=\"elementor-element elementor-element-4wBPHoW e-flex e-con-boxed e-con e-parent\" data-id=\"4wBPHoW\" data-element_type=\"container\">\n\t\t\t\t\t<div class=\"e-con-inner\">\n\t\t<div class=\"elementor-element elementor-element-o7Mri0a e-flex e-con-boxed e-con e-child\" data-id=\"o7Mri0a\" data-element_type=\"container\">\n\t\t\t\t\t<div class=\"e-con-inner\">\n\t\t\t\t<div class=\"elementor-element elementor-element-3XnMP8r elementor-widget elementor-widget-image\" data-id=\"3XnMP8r\" data-element_type=\"widget\" data-widget_type=\"image.default\">\n\t\t\t\t<div class=\"elementor-widget-container\">\n\t\t\t\t\t\t\t\t\t\t\t\t\t\t\t<img fetchpriority=\"high\" decoding=\"async\" width=\"840\" height=\"562\" src=\"https:\/\/avasse-se.fr\/wp-content\/uploads\/2025\/01\/securite-electronique-840x562.jpg\" class=\"attachment-large size-large wp-image-69\" alt=\"\" srcset=\"https:\/\/avasse-se.fr\/wp-content\/uploads\/2025\/01\/securite-electronique-840x562.jpg 840w, https:\/\/avasse-se.fr\/wp-content\/uploads\/2025\/01\/securite-electronique-570x380.jpg 570w\" sizes=\"(max-width: 840px) 100vw, 840px\" \/>\t\t\t\t\t\t\t\t\t\t\t\t\t\t\t<\/div>\n\t\t\t\t<\/div>\n\t\t\t\t\t<\/div>\n\t\t\t\t<\/div>\n\t\t<div class=\"elementor-element elementor-element-YvBqDCs e-con-full e-flex e-con e-child\" data-id=\"YvBqDCs\" data-element_type=\"container\">\n\t\t\t\t<div class=\"elementor-element elementor-element-qO1oLnb elementor-widget elementor-widget-heading\" data-id=\"qO1oLnb\" data-element_type=\"widget\" data-widget_type=\"heading.default\">\n\t\t\t\t<div class=\"elementor-widget-container\">\n\t\t\t\t\t<h2 class=\"elementor-heading-title elementor-size-default\">Explorez nos solutions de s\u00e9curit\u00e9 pour une protection in\u00e9gal\u00e9e.<\/h2>\t\t\t\t<\/div>\n\t\t\t\t<\/div>\n\t\t\t\t<div class=\"elementor-element elementor-element-kZzti1e elementor-widget elementor-widget-text-editor\" data-id=\"kZzti1e\" data-element_type=\"widget\" data-widget_type=\"text-editor.default\">\n\t\t\t\t<div class=\"elementor-widget-container\">\n\t\t\t\t\t\t\t\t\t<p>Mettez en s\u00e9curit\u00e9 ce qui vous est cher. Nos syst\u00e8mes d&#8217;alarme avanc\u00e9s offrent une surveillance ininterrompue, vous assurant de rester prot\u00e9g\u00e9 en tout temps.<\/p>\t\t\t\t\t\t\t\t<\/div>\n\t\t\t\t<\/div>\n\t\t\t\t<div class=\"elementor-element elementor-element-55kFE2j elementor-widget__width-auto elementor-widget elementor-widget-button\" data-id=\"55kFE2j\" data-element_type=\"widget\" data-widget_type=\"button.default\">\n\t\t\t\t<div class=\"elementor-widget-container\">\n\t\t\t\t\t\t\t\t\t<div class=\"elementor-button-wrapper\">\n\t\t\t\t\t<a class=\"elementor-button elementor-button-link elementor-size-sm\" href=\"\/index.php\/nos-services-2\/\">\n\t\t\t\t\t\t<span class=\"elementor-button-content-wrapper\">\n\t\t\t\t\t\t\t\t\t<span class=\"elementor-button-text\">En savoir plus<\/span>\n\t\t\t\t\t<\/span>\n\t\t\t\t\t<\/a>\n\t\t\t\t<\/div>\n\t\t\t\t\t\t\t\t<\/div>\n\t\t\t\t<\/div>\n\t\t\t\t<\/div>\n\t\t\t\t\t<\/div>\n\t\t\t\t<\/div>\n\t\t<div class=\"elementor-element elementor-element-ltjOxRv e-flex e-con-boxed e-con e-parent\" data-id=\"ltjOxRv\" data-element_type=\"container\">\n\t\t\t\t\t<div class=\"e-con-inner\">\n\t\t<div class=\"elementor-element elementor-element-jFacJm2 e-con-full e-flex e-con e-child\" data-id=\"jFacJm2\" data-element_type=\"container\">\n\t\t\t\t<div class=\"elementor-element elementor-element-2hWFFu0 elementor-widget elementor-widget-heading\" data-id=\"2hWFFu0\" data-element_type=\"widget\" data-widget_type=\"heading.default\">\n\t\t\t\t<div class=\"elementor-widget-container\">\n\t\t\t\t\t<h2 class=\"elementor-heading-title elementor-size-default\">Pourquoi choisir AVASSE ?<\/h2>\t\t\t\t<\/div>\n\t\t\t\t<\/div>\n\t\t\t\t<div class=\"elementor-element elementor-element-TeWDXH7 elementor-widget elementor-widget-text-editor\" data-id=\"TeWDXH7\" data-element_type=\"widget\" data-widget_type=\"text-editor.default\">\n\t\t\t\t<div class=\"elementor-widget-container\">\n\t\t\t\t\t\t\t\t\t<p>Avec AVASSE, vous optez pour la s\u00e9curit\u00e9 de votre domicile ou entreprise. Nos solutions fournissent :<br>&#8211; <strong>Technologie de pointe<\/strong> : B\u00e9n\u00e9ficiez de syst\u00e8mes de s\u00e9curit\u00e9 avanc\u00e9s pour votre protection.<br>&#8211; <strong>Installation professionnelle<\/strong> : Des experts garantissent un fonctionnement optimal de votre syst\u00e8me.<br>&#8211; <strong>Soutien 24\/7<\/strong> : Assistance et surveillance continue pour une s\u00e9r\u00e9nit\u00e9 totale.<\/p>\t\t\t\t\t\t\t\t<\/div>\n\t\t\t\t<\/div>\n\t\t\t\t<\/div>\n\t\t<div class=\"elementor-element elementor-element-HlXxWVY e-con-full e-flex e-con e-child\" data-id=\"HlXxWVY\" data-element_type=\"container\">\n\t\t\t\t<div class=\"elementor-element elementor-element-VlBiQO1 elementor-widget elementor-widget-heading\" data-id=\"VlBiQO1\" data-element_type=\"widget\" data-widget_type=\"heading.default\">\n\t\t\t\t<div class=\"elementor-widget-container\">\n\t\t\t\t\t<h2 class=\"elementor-heading-title elementor-size-default\">Pourquoi choisir AVASSE ?<\/h2>\t\t\t\t<\/div>\n\t\t\t\t<\/div>\n\t\t\t\t<div class=\"elementor-element elementor-element-LYJk0tj elementor-widget elementor-widget-text-editor\" data-id=\"LYJk0tj\" data-element_type=\"widget\" data-widget_type=\"text-editor.default\">\n\t\t\t\t<div class=\"elementor-widget-container\">\n\t\t\t\t\t\t\t\t\t<p>Avec AVASSE, vous optez pour la s\u00e9curit\u00e9 de votre domicile ou entreprise. Nos solutions offrent :<br \/>&#8211; <strong>Technologie de pointe<\/strong> : Profitez de syst\u00e8mes de s\u00e9curit\u00e9 \u00e0 la fine pointe de la technologie.<br \/>&#8211; <strong>Installation professionnelle<\/strong> : Nos experts s&#8217;assurent que votre syst\u00e8me fonctionne parfaitement.<br \/>&#8211; <strong>Soutien 24\/7<\/strong> : Assistance et surveillance continue pour une tranquillit\u00e9 d&#8217;esprit totale.<\/p>\t\t\t\t\t\t\t\t<\/div>\n\t\t\t\t<\/div>\n\t\t\t\t<\/div>\n\t\t\t\t\t<\/div>\n\t\t\t\t<\/div>\n\t\t<div class=\"elementor-element elementor-element-imHnVdJ e-flex e-con-boxed e-con e-parent\" data-id=\"imHnVdJ\" data-element_type=\"container\">\n\t\t\t\t\t<div class=\"e-con-inner\">\n\t\t<div class=\"elementor-element elementor-element-xFX7XbG e-con-full e-flex e-con e-child\" data-id=\"xFX7XbG\" data-element_type=\"container\">\n\t\t\t\t<div class=\"elementor-element elementor-element-uIOw5r3 elementor-widget elementor-widget-heading\" data-id=\"uIOw5r3\" data-element_type=\"widget\" data-widget_type=\"heading.default\">\n\t\t\t\t<div class=\"elementor-widget-container\">\n\t\t\t\t\t<h5 class=\"elementor-heading-title elementor-size-default\">Nos Services<\/h5>\t\t\t\t<\/div>\n\t\t\t\t<\/div>\n\t\t\t\t<div class=\"elementor-element elementor-element-6ZJ4dS7 elementor-widget elementor-widget-heading\" data-id=\"6ZJ4dS7\" data-element_type=\"widget\" data-widget_type=\"heading.default\">\n\t\t\t\t<div class=\"elementor-widget-container\">\n\t\t\t\t\t<h2 class=\"elementor-heading-title elementor-size-default\">D\u00e9couvrez une gamme compl\u00e8te de services<\/h2>\t\t\t\t<\/div>\n\t\t\t\t<\/div>\n\t\t\t\t<\/div>\n\t\t<div class=\"elementor-element elementor-element-C3eqZA2 e-con-full e-flex e-con e-child\" data-id=\"C3eqZA2\" data-element_type=\"container\">\n\t\t\t\t<div class=\"elementor-element elementor-element-oc2ZJxC elementor-widget elementor-widget-text-editor\" data-id=\"oc2ZJxC\" data-element_type=\"widget\" data-widget_type=\"text-editor.default\">\n\t\t\t\t<div class=\"elementor-widget-container\">\n\t\t\t\t\t\t\t\t\t<p>Chez AVASSE, nous proposons une vaste s\u00e9lection de services pour votre tranquillit\u00e9 :<br \/>&#8211; **Syst\u00e8mes d&#8217;alarme** : Solutions adapt\u00e9es \u00e0 chaque n\u00e9cessit\u00e9, avec alertes en temps r\u00e9el.<br \/>&#8211; **Vid\u00e9osurveillance** : Surveillez votre bien gr\u00e2ce \u00e0 notre technologie avanc\u00e9e.<br \/>&#8211; **Contr\u00f4le d&#8217;acc\u00e8s** : G\u00e9rez qui entre et sort de vos locaux.<br \/>&#8211; **Support et entretien** : Suivi r\u00e9gulier pour maximiser l&#8217;efficacit\u00e9 de vos \u00e9quipements.<\/p>\t\t\t\t\t\t\t\t<\/div>\n\t\t\t\t<\/div>\n\t\t<div class=\"elementor-element elementor-element-G0x4cm7 e-con-full e-flex e-con e-child\" data-id=\"G0x4cm7\" data-element_type=\"container\">\n\t\t\t\t<div class=\"elementor-element elementor-element-APq0dmJ elementor-widget elementor-widget-icon-box\" data-id=\"APq0dmJ\" data-element_type=\"widget\" data-widget_type=\"icon-box.default\">\n\t\t\t\t<div class=\"elementor-widget-container\">\n\t\t\t\t\t\t\t<div class=\"elementor-icon-box-wrapper\">\n\n\t\t\t\n\t\t\t\t\t\t<div class=\"elementor-icon-box-content\">\n\n\t\t\t\t\t\t\t\t\t<h3 class=\"elementor-icon-box-title\">\n\t\t\t\t\t\t<span  >\n\t\t\t\t\t\t\t100%\t\t\t\t\t\t<\/span>\n\t\t\t\t\t<\/h3>\n\t\t\t\t\n\t\t\t\t\t\t\t\t\t<p class=\"elementor-icon-box-description\">\n\t\t\t\t\t\tGarantie de s\u00e9curit\u00e9 pour chaque utilisateur, nos syst\u00e8mes sont adapt\u00e9s \u00e0 tous.\t\t\t\t\t<\/p>\n\t\t\t\t\n\t\t\t<\/div>\n\t\t\t\n\t\t<\/div>\n\t\t\t\t\t\t<\/div>\n\t\t\t\t<\/div>\n\t\t\t\t<div class=\"elementor-element elementor-element-aSvghVD elementor-widget elementor-widget-icon-box\" data-id=\"aSvghVD\" data-element_type=\"widget\" data-widget_type=\"icon-box.default\">\n\t\t\t\t<div class=\"elementor-widget-container\">\n\t\t\t\t\t\t\t<div class=\"elementor-icon-box-wrapper\">\n\n\t\t\t\n\t\t\t\t\t\t<div class=\"elementor-icon-box-content\">\n\n\t\t\t\t\t\t\t\t\t<h3 class=\"elementor-icon-box-title\">\n\t\t\t\t\t\t<span  >\n\t\t\t\t\t\t\t100%\t\t\t\t\t\t<\/span>\n\t\t\t\t\t<\/h3>\n\t\t\t\t\n\t\t\t\t\t\t\t\t\t<p class=\"elementor-icon-box-description\">\n\t\t\t\t\t\tSolutions innovantes qui assurent une surveillance continue et efficace.\t\t\t\t\t<\/p>\n\t\t\t\t\n\t\t\t<\/div>\n\t\t\t\n\t\t<\/div>\n\t\t\t\t\t\t<\/div>\n\t\t\t\t<\/div>\n\t\t\t\t<\/div>\n\t\t<div class=\"elementor-element elementor-element-0hPi8cg e-con-full e-flex e-con e-child\" data-id=\"0hPi8cg\" data-element_type=\"container\">\n\t\t\t\t<div class=\"elementor-element elementor-element-lgbEwof elementor-widget__width-auto elementor-widget elementor-widget-button\" data-id=\"lgbEwof\" data-element_type=\"widget\" data-widget_type=\"button.default\">\n\t\t\t\t<div class=\"elementor-widget-container\">\n\t\t\t\t\t\t\t\t\t<div class=\"elementor-button-wrapper\">\n\t\t\t\t\t<a class=\"elementor-button elementor-button-link elementor-size-sm\" href=\"index.php\/nos-services-2\/\">\n\t\t\t\t\t\t<span class=\"elementor-button-content-wrapper\">\n\t\t\t\t\t\t\t\t\t<span class=\"elementor-button-text\">Explorez nos services<\/span>\n\t\t\t\t\t<\/span>\n\t\t\t\t\t<\/a>\n\t\t\t\t<\/div>\n\t\t\t\t\t\t\t\t<\/div>\n\t\t\t\t<\/div>\n\t\t\t\t<div class=\"elementor-element elementor-element-Dgbzdwv elementor-widget__width-auto elementor-widget elementor-widget-button\" data-id=\"Dgbzdwv\" data-element_type=\"widget\" data-widget_type=\"button.default\">\n\t\t\t\t<div class=\"elementor-widget-container\">\n\t\t\t\t\t\t\t\t\t<div class=\"elementor-button-wrapper\">\n\t\t\t\t\t<a class=\"elementor-button elementor-button-link elementor-size-sm\" href=\"#\">\n\t\t\t\t\t\t<span class=\"elementor-button-content-wrapper\">\n\t\t\t\t\t\t\t\t\t<span class=\"elementor-button-text\">D\u00e9couvrez les avis<\/span>\n\t\t\t\t\t<\/span>\n\t\t\t\t\t<\/a>\n\t\t\t\t<\/div>\n\t\t\t\t\t\t\t\t<\/div>\n\t\t\t\t<\/div>\n\t\t\t\t<\/div>\n\t\t\t\t<\/div>\n\t\t\t\t\t<\/div>\n\t\t\t\t<\/div>\n\t\t<div class=\"elementor-element elementor-element-ykgqzuQ e-flex e-con-boxed e-con e-parent\" data-id=\"ykgqzuQ\" data-element_type=\"container\">\n\t\t\t\t\t<div class=\"e-con-inner\">\n\t\t<div class=\"elementor-element elementor-element-TYqcDJJ e-con-full e-flex e-con e-child\" data-id=\"TYqcDJJ\" data-element_type=\"container\">\n\t\t\t\t<\/div>\n\t\t\t\t\t<\/div>\n\t\t\t\t<\/div>\n\t\t\t\t<\/div>\n\t\t","protected":false},"excerpt":{"rendered":"<p>Explorez nos solutions de s\u00e9curit\u00e9 pour une protection in\u00e9gal\u00e9e. Mettez en s\u00e9curit\u00e9 ce qui vous est cher. Nos syst\u00e8mes d&#8217;alarme [&hellip;]<\/p>\n","protected":false},"author":1,"featured_media":0,"parent":0,"menu_order":0,"comment_status":"closed","ping_status":"closed","template":"","meta":{"_uag_custom_page_level_css":"","site-sidebar-layout":"default","site-content-layout":"","ast-site-content-layout":"default","site-content-style":"default","site-sidebar-style":"default","ast-global-header-display":"","ast-banner-title-visibility":"","ast-main-header-display":"","ast-hfb-above-header-display":"","ast-hfb-below-header-display":"","ast-hfb-mobile-header-display":"","site-post-title":"disabled","ast-breadcrumbs-content":"","ast-featured-img":"","footer-sml-layout":"","theme-transparent-header-meta":"","adv-header-id-meta":"","stick-header-meta":"","header-above-stick-meta":"","header-main-stick-meta":"","header-below-stick-meta":"","astra-migrate-meta-layouts":"default","ast-page-background-enabled":"default","ast-page-background-meta":{"desktop":{"background-color":"var(--ast-global-color-5)","background-image":"","background-repeat":"repeat","background-position":"center center","background-size":"auto","background-attachment":"scroll","background-type":"","background-media":"","overlay-type":"","overlay-color":"","overlay-opacity":"","overlay-gradient":""},"tablet":{"background-color":"","background-image":"","background-repeat":"repeat","background-position":"center center","background-size":"auto","background-attachment":"scroll","background-type":"","background-media":"","overlay-type":"","overlay-color":"","overlay-opacity":"","overlay-gradient":""},"mobile":{"background-color":"","background-image":"","background-repeat":"repeat","background-position":"center center","background-size":"auto","background-attachment":"scroll","background-type":"","background-media":"","overlay-type":"","overlay-color":"","overlay-opacity":"","overlay-gradient":""}},"ast-content-background-meta":{"desktop":{"background-color":"var(--ast-global-color-4)","background-image":"","background-repeat":"repeat","background-position":"center center","background-size":"auto","background-attachment":"scroll","background-type":"","background-media":"","overlay-type":"","overlay-color":"","overlay-opacity":"","overlay-gradient":""},"tablet":{"background-color":"var(--ast-global-color-4)","background-image":"","background-repeat":"repeat","background-position":"center center","background-size":"auto","background-attachment":"scroll","background-type":"","background-media":"","overlay-type":"","overlay-color":"","overlay-opacity":"","overlay-gradient":""},"mobile":{"background-color":"var(--ast-global-color-4)","background-image":"","background-repeat":"repeat","background-position":"center center","background-size":"auto","background-attachment":"scroll","background-type":"","background-media":"","overlay-type":"","overlay-color":"","overlay-opacity":"","overlay-gradient":""}},"footnotes":""},"class_list":["post-67","page","type-page","status-publish","hentry"],"yoast_head":"<!-- This site is optimized with the Yoast SEO plugin v26.0 - https:\/\/yoast.com\/wordpress\/plugins\/seo\/ -->\n<title>Accueil - AVASSE<\/title>\n<meta name=\"robots\" content=\"index, follow, max-snippet:-1, max-image-preview:large, max-video-preview:-1\" \/>\n<link rel=\"canonical\" href=\"https:\/\/avasse-se.fr\/\" \/>\n<meta property=\"og:locale\" content=\"en_US\" \/>\n<meta property=\"og:type\" content=\"article\" \/>\n<meta property=\"og:title\" content=\"Accueil - AVASSE\" \/>\n<meta property=\"og:description\" content=\"Explorez nos solutions de s\u00e9curit\u00e9 pour une protection in\u00e9gal\u00e9e. Mettez en s\u00e9curit\u00e9 ce qui vous est cher. Nos syst\u00e8mes d&#8217;alarme [&hellip;]\" \/>\n<meta property=\"og:url\" content=\"https:\/\/avasse-se.fr\/\" \/>\n<meta property=\"og:site_name\" content=\"AVASSE\" \/>\n<meta property=\"article:modified_time\" content=\"2025-07-22T15:52:54+00:00\" \/>\n<meta property=\"og:image\" content=\"http:\/\/avasse-se.fr\/wp-content\/uploads\/2025\/01\/securite-electronique-840x562.jpg\" \/>\n<meta name=\"twitter:card\" content=\"summary_large_image\" \/>\n<meta name=\"twitter:label1\" content=\"Est. reading time\" \/>\n\t<meta name=\"twitter:data1\" content=\"2 minutes\" \/>\n<script type=\"application\/ld+json\" class=\"yoast-schema-graph\">{\"@context\":\"https:\/\/schema.org\",\"@graph\":[{\"@type\":\"WebPage\",\"@id\":\"https:\/\/avasse-se.fr\/\",\"url\":\"https:\/\/avasse-se.fr\/\",\"name\":\"Accueil - AVASSE\",\"isPartOf\":{\"@id\":\"https:\/\/avasse-se.fr\/#website\"},\"primaryImageOfPage\":{\"@id\":\"https:\/\/avasse-se.fr\/#primaryimage\"},\"image\":{\"@id\":\"https:\/\/avasse-se.fr\/#primaryimage\"},\"thumbnailUrl\":\"http:\/\/avasse-se.fr\/wp-content\/uploads\/2025\/01\/securite-electronique-840x562.jpg\",\"datePublished\":\"2025-01-17T10:21:05+00:00\",\"dateModified\":\"2025-07-22T15:52:54+00:00\",\"breadcrumb\":{\"@id\":\"https:\/\/avasse-se.fr\/#breadcrumb\"},\"inLanguage\":\"en-US\",\"potentialAction\":[{\"@type\":\"ReadAction\",\"target\":[\"https:\/\/avasse-se.fr\/\"]}]},{\"@type\":\"ImageObject\",\"inLanguage\":\"en-US\",\"@id\":\"https:\/\/avasse-se.fr\/#primaryimage\",\"url\":\"https:\/\/avasse-se.fr\/wp-content\/uploads\/2025\/01\/securite-electronique.jpg\",\"contentUrl\":\"https:\/\/avasse-se.fr\/wp-content\/uploads\/2025\/01\/securite-electronique.jpg\",\"width\":1080,\"height\":720},{\"@type\":\"BreadcrumbList\",\"@id\":\"https:\/\/avasse-se.fr\/#breadcrumb\",\"itemListElement\":[{\"@type\":\"ListItem\",\"position\":1,\"name\":\"Accueil\",\"item\":\"https:\/\/avasse-se.fr\/\"},{\"@type\":\"ListItem\",\"position\":2,\"name\":\"Accueil\"}]},{\"@type\":\"WebSite\",\"@id\":\"https:\/\/avasse-se.fr\/#website\",\"url\":\"https:\/\/avasse-se.fr\/\",\"name\":\"AVASSE\",\"description\":\"Alarme Vid\u00e9osurveillance Acc\u00e8s et porte S\u00e9curis\u00e9 par Syst\u00e8me Electronique\",\"publisher\":{\"@id\":\"https:\/\/avasse-se.fr\/#organization\"},\"potentialAction\":[{\"@type\":\"SearchAction\",\"target\":{\"@type\":\"EntryPoint\",\"urlTemplate\":\"https:\/\/avasse-se.fr\/?s={search_term_string}\"},\"query-input\":{\"@type\":\"PropertyValueSpecification\",\"valueRequired\":true,\"valueName\":\"search_term_string\"}}],\"inLanguage\":\"en-US\"},{\"@type\":\"Organization\",\"@id\":\"https:\/\/avasse-se.fr\/#organization\",\"name\":\"AVASSE\",\"url\":\"https:\/\/avasse-se.fr\/\",\"logo\":{\"@type\":\"ImageObject\",\"inLanguage\":\"en-US\",\"@id\":\"https:\/\/avasse-se.fr\/#\/schema\/logo\/image\/\",\"url\":\"https:\/\/avasse-se.fr\/wp-content\/uploads\/2025\/01\/cropped-logoknza_blanc-1.png\",\"contentUrl\":\"https:\/\/avasse-se.fr\/wp-content\/uploads\/2025\/01\/cropped-logoknza_blanc-1.png\",\"width\":335,\"height\":250,\"caption\":\"AVASSE\"},\"image\":{\"@id\":\"https:\/\/avasse-se.fr\/#\/schema\/logo\/image\/\"}}]}<\/script>\n<!-- \/ Yoast SEO plugin. -->","yoast_head_json":{"title":"Accueil - AVASSE","robots":{"index":"index","follow":"follow","max-snippet":"max-snippet:-1","max-image-preview":"max-image-preview:large","max-video-preview":"max-video-preview:-1"},"canonical":"https:\/\/avasse-se.fr\/","og_locale":"en_US","og_type":"article","og_title":"Accueil - AVASSE","og_description":"Explorez nos solutions de s\u00e9curit\u00e9 pour une protection in\u00e9gal\u00e9e. Mettez en s\u00e9curit\u00e9 ce qui vous est cher. Nos syst\u00e8mes d&#8217;alarme [&hellip;]","og_url":"https:\/\/avasse-se.fr\/","og_site_name":"AVASSE","article_modified_time":"2025-07-22T15:52:54+00:00","og_image":[{"url":"http:\/\/avasse-se.fr\/wp-content\/uploads\/2025\/01\/securite-electronique-840x562.jpg","type":"","width":"","height":""}],"twitter_card":"summary_large_image","twitter_misc":{"Est. reading time":"2 minutes"},"schema":{"@context":"https:\/\/schema.org","@graph":[{"@type":"WebPage","@id":"https:\/\/avasse-se.fr\/","url":"https:\/\/avasse-se.fr\/","name":"Accueil - AVASSE","isPartOf":{"@id":"https:\/\/avasse-se.fr\/#website"},"primaryImageOfPage":{"@id":"https:\/\/avasse-se.fr\/#primaryimage"},"image":{"@id":"https:\/\/avasse-se.fr\/#primaryimage"},"thumbnailUrl":"http:\/\/avasse-se.fr\/wp-content\/uploads\/2025\/01\/securite-electronique-840x562.jpg","datePublished":"2025-01-17T10:21:05+00:00","dateModified":"2025-07-22T15:52:54+00:00","breadcrumb":{"@id":"https:\/\/avasse-se.fr\/#breadcrumb"},"inLanguage":"en-US","potentialAction":[{"@type":"ReadAction","target":["https:\/\/avasse-se.fr\/"]}]},{"@type":"ImageObject","inLanguage":"en-US","@id":"https:\/\/avasse-se.fr\/#primaryimage","url":"https:\/\/avasse-se.fr\/wp-content\/uploads\/2025\/01\/securite-electronique.jpg","contentUrl":"https:\/\/avasse-se.fr\/wp-content\/uploads\/2025\/01\/securite-electronique.jpg","width":1080,"height":720},{"@type":"BreadcrumbList","@id":"https:\/\/avasse-se.fr\/#breadcrumb","itemListElement":[{"@type":"ListItem","position":1,"name":"Accueil","item":"https:\/\/avasse-se.fr\/"},{"@type":"ListItem","position":2,"name":"Accueil"}]},{"@type":"WebSite","@id":"https:\/\/avasse-se.fr\/#website","url":"https:\/\/avasse-se.fr\/","name":"AVASSE","description":"Alarme Vid\u00e9osurveillance Acc\u00e8s et porte S\u00e9curis\u00e9 par Syst\u00e8me Electronique","publisher":{"@id":"https:\/\/avasse-se.fr\/#organization"},"potentialAction":[{"@type":"SearchAction","target":{"@type":"EntryPoint","urlTemplate":"https:\/\/avasse-se.fr\/?s={search_term_string}"},"query-input":{"@type":"PropertyValueSpecification","valueRequired":true,"valueName":"search_term_string"}}],"inLanguage":"en-US"},{"@type":"Organization","@id":"https:\/\/avasse-se.fr\/#organization","name":"AVASSE","url":"https:\/\/avasse-se.fr\/","logo":{"@type":"ImageObject","inLanguage":"en-US","@id":"https:\/\/avasse-se.fr\/#\/schema\/logo\/image\/","url":"https:\/\/avasse-se.fr\/wp-content\/uploads\/2025\/01\/cropped-logoknza_blanc-1.png","contentUrl":"https:\/\/avasse-se.fr\/wp-content\/uploads\/2025\/01\/cropped-logoknza_blanc-1.png","width":335,"height":250,"caption":"AVASSE"},"image":{"@id":"https:\/\/avasse-se.fr\/#\/schema\/logo\/image\/"}}]}},"uagb_featured_image_src":{"full":false,"thumbnail":false,"medium":false,"medium_large":false,"large":false,"1536x1536":false,"2048x2048":false},"uagb_author_info":{"display_name":"admin6579","author_link":"https:\/\/avasse-se.fr\/index.php\/author\/admin6579\/"},"uagb_comment_info":0,"uagb_excerpt":"Explorez nos solutions de s\u00e9curit\u00e9 pour une protection in\u00e9gal\u00e9e. Mettez en s\u00e9curit\u00e9 ce qui vous est cher. Nos syst\u00e8mes d&#8217;alarme [&hellip;]","_links":{"self":[{"href":"https:\/\/avasse-se.fr\/index.php\/wp-json\/wp\/v2\/pages\/67","targetHints":{"allow":["GET"]}}],"collection":[{"href":"https:\/\/avasse-se.fr\/index.php\/wp-json\/wp\/v2\/pages"}],"about":[{"href":"https:\/\/avasse-se.fr\/index.php\/wp-json\/wp\/v2\/types\/page"}],"author":[{"embeddable":true,"href":"https:\/\/avasse-se.fr\/index.php\/wp-json\/wp\/v2\/users\/1"}],"replies":[{"embeddable":true,"href":"https:\/\/avasse-se.fr\/index.php\/wp-json\/wp\/v2\/comments?post=67"}],"version-history":[{"count":35,"href":"https:\/\/avasse-se.fr\/index.php\/wp-json\/wp\/v2\/pages\/67\/revisions"}],"predecessor-version":[{"id":177,"href":"https:\/\/avasse-se.fr\/index.php\/wp-json\/wp\/v2\/pages\/67\/revisions\/177"}],"wp:attachment":[{"href":"https:\/\/avasse-se.fr\/index.php\/wp-json\/wp\/v2\/media?parent=67"}],"curies":[{"name":"wp","href":"https:\/\/api.w.org\/{rel}","templated":true}]}}