{"id":126,"date":"2025-03-12T23:55:39","date_gmt":"2025-03-12T22:55:39","guid":{"rendered":"https:\/\/avasse-se.fr\/?page_id=126"},"modified":"2025-07-22T17:55:17","modified_gmt":"2025-07-22T15:55:17","slug":"nos-services-2","status":"publish","type":"page","link":"https:\/\/avasse-se.fr\/index.php\/nos-services-2\/","title":{"rendered":"Nos services"},"content":{"rendered":"\n<div class=\"wp-block-uagb-container uagb-block-jrniqsbu alignfull uagb-is-root-container\"><div class=\"uagb-container-inner-blocks-wrap\">\n<div class=\"wp-block-uagb-info-box uagb-block-37fpsmba uagb-infobox__content-wrap  uagb-infobox-icon-above-title uagb-infobox-image-valign-top\"><div class=\"uagb-ifb-content\"><div class=\"uagb-ifb-title-wrap\"><h1 class=\"uagb-ifb-title\"><em><kbd>Votre Protection  <br>Notre Engagement<\/kbd><\/em><\/h1><\/div><\/div><\/div>\n\n\n\n<div class=\"wp-block-uagb-info-box uagb-block-go59ngcr uagb-infobox__content-wrap  uagb-infobox-icon-above-title uagb-infobox-image-valign-top\"><div class=\"uagb-ifb-content\"><div class=\"uagb-ifb-title-wrap\"><\/div><p class=\"uagb-ifb-desc\">Chez AVASSE, nous mettons tout en \u0153uvre pour garantir la s\u00e9curit\u00e9 de vos biens et de vos locaux. Gr\u00e2ce \u00e0 des solutions de s\u00e9curit\u00e9 avanc\u00e9es et un service de maintenance complet, nous vous accompagnons dans l&#8217;installation et l&#8217;entretien de vos syst\u00e8mes de s\u00e9curit\u00e9. Que ce soit pour prot\u00e9ger votre entreprise ou votre domicile, nous vous offrons des prestations sur mesure, fiables et performantes. D\u00e9couvrez nos services et choisissez la tranquillit\u00e9 d\u2019esprit avec des \u00e9quipements de s\u00e9curit\u00e9 \u00e0 la hauteur de vos exigences.<\/p><\/div><\/div>\n<\/div><\/div>\n\n\n\n<div class=\"wp-block-uagb-container uagb-block-y2hpmgnt alignfull uagb-is-root-container\"><div class=\"uagb-container-inner-blocks-wrap\">\n<div class=\"wp-block-uagb-info-box uagb-block-rkzwtgga uagb-infobox__content-wrap  uagb-infobox-icon-above-title uagb-infobox-image-valign-top\"><div class=\"uagb-ifb-content\"><div class=\"uagb-ifb-title-wrap\"><h2 class=\"uagb-ifb-title\">Pourquoi Choisir Nos Services ?<\/h2><\/div><p class=\"uagb-ifb-desc\">Avec des ann\u00e9es d\u2019exp\u00e9rience dans le domaine de la s\u00e9curit\u00e9, nous sommes votre partenaire de confiance pour l\u2019installation et la maintenance de vos syst\u00e8mes de s\u00e9curit\u00e9. Nous vous offrons des solutions personnalis\u00e9es, adapt\u00e9es \u00e0 vos besoins sp\u00e9cifiques, et nous assurons un suivi r\u00e9gulier pour que vos syst\u00e8mes soient toujours performants.<br>Nous comprenons que la s\u00e9curit\u00e9 est une priorit\u00e9 pour vous, c\u2019est pourquoi nous nous engageons \u00e0 fournir des \u00e9quipements de haute qualit\u00e9 et un service irr\u00e9prochable, avec une r\u00e9activit\u00e9 assur\u00e9e en cas d\u2019urgence.<\/p><\/div><\/div>\n\n\n\n<div class=\"wp-block-uagb-container uagb-block-ugowseh6\">\n<div class=\"wp-block-uagb-container uagb-block-rm4oqgas\">\n<div class=\"wp-block-uagb-image alignleft uagb-block-uusmewxa wp-block-uagb-image--layout-default wp-block-uagb-image--effect-static wp-block-uagb-image--align-left\"><figure class=\"wp-block-uagb-image__figure\"><img loading=\"lazy\" decoding=\"async\" srcset=\"https:\/\/avasse-se.fr\/wp-content\/uploads\/2025\/03\/tenweb_media_rgp7bbxfl-840x562.webp ,https:\/\/avasse-se.fr\/wp-content\/uploads\/2025\/03\/tenweb_media_rgp7bbxfl.webp 780w, https:\/\/avasse-se.fr\/wp-content\/uploads\/2025\/03\/tenweb_media_rgp7bbxfl.webp 360w\" sizes=\"auto, (max-width: 480px) 150px\" src=\"https:\/\/avasse-se.fr\/wp-content\/uploads\/2025\/03\/tenweb_media_rgp7bbxfl-840x562.webp\" alt=\"\" class=\"uag-image-147\" width=\"600\" height=\"450\" title=\"tenweb_media_rgp7bbxfl\" loading=\"lazy\" role=\"img\"\/><\/figure><\/div>\n\n\n\n<div class=\"wp-block-uagb-container uagb-block-oggnqdgx\">\n<div class=\"wp-block-uagb-info-box uagb-block-qku9zfq4 uagb-infobox__content-wrap  uagb-infobox-icon-above-title uagb-infobox-image-valign-top\"><div class=\"uagb-ifb-content\"><div class=\"uagb-ifb-title-wrap\"><p class=\"uagb-ifb-title-prefix\">Alarme Incendie<\/p><h3 class=\"uagb-ifb-title\">Alarme Incendie<\/h3><\/div><p class=\"uagb-ifb-desc\">La s\u00e9curit\u00e9 contre les incendies est primordiale pour la protection de vos employ\u00e9s, de votre famille et de vos biens. Nous offrons des services d&#8217;installation de syst\u00e8mes d&#8217;alarme incendie fiables et conformes aux normes de s\u00e9curit\u00e9 en vigueur. Nos syst\u00e8mes de d\u00e9tection d&#8217;incendie permettent une intervention rapide en cas de d\u00e9part de feu, r\u00e9duisant ainsi les risques et minimisant les d\u00e9g\u00e2ts. De plus, nous assurons la maintenance de ces installations pour garantir leur bon fonctionnement, en r\u00e9alisant des tests r\u00e9guliers et des v\u00e9rifications minutieuses des \u00e9quipements afin que vous soyez toujours prot\u00e9g\u00e9.<\/p><\/div><\/div>\n<\/div>\n<\/div>\n\n\n\n<div class=\"wp-block-uagb-container uagb-block-tmjnzoro\">\n<div class=\"wp-block-uagb-container uagb-block-jnn38pl6\">\n<div class=\"wp-block-uagb-info-box uagb-block-neqbtds2 uagb-infobox__content-wrap  uagb-infobox-icon-above-title uagb-infobox-image-valign-top\"><div class=\"uagb-ifb-content\"><div class=\"uagb-ifb-title-wrap\"><p class=\"uagb-ifb-title-prefix\">Alarme Vol<\/p><h3 class=\"uagb-ifb-title\">Alarme Vol<\/h3><\/div><p class=\"uagb-ifb-desc\">La s\u00e9curit\u00e9 contre le vol est essentielle pour prot\u00e9ger vos locaux et vos biens pr\u00e9cieux. Nous proposons l\u2019installation de syst\u00e8mes d&#8217;alarme anti-intrusion de derni\u00e8re g\u00e9n\u00e9ration. Que ce soit pour des alarmes discr\u00e8tes, des d\u00e9tecteurs de mouvement ou des capteurs sur portes et fen\u00eatres, nous adaptons chaque syst\u00e8me \u00e0 vos besoins sp\u00e9cifiques. En plus de l\u2019installation, nous assurons la maintenance et la mise \u00e0 jour r\u00e9guli\u00e8re de ces syst\u00e8mes pour \u00e9viter toute faille de s\u00e9curit\u00e9 et garantir que vous soyez prot\u00e9g\u00e9 en permanence.<\/p><\/div><\/div>\n<\/div>\n\n\n\n<div class=\"wp-block-uagb-image alignleft uagb-block-4sz4swep wp-block-uagb-image--layout-default wp-block-uagb-image--effect-static wp-block-uagb-image--align-left\"><figure class=\"wp-block-uagb-image__figure\"><img loading=\"lazy\" decoding=\"async\" srcset=\"https:\/\/avasse-se.fr\/wp-content\/uploads\/2025\/03\/tenweb_media_r0fputxv1-840x562.webp ,https:\/\/avasse-se.fr\/wp-content\/uploads\/2025\/03\/tenweb_media_r0fputxv1.webp 780w, https:\/\/avasse-se.fr\/wp-content\/uploads\/2025\/03\/tenweb_media_r0fputxv1.webp 360w\" sizes=\"auto, (max-width: 480px) 150px\" src=\"https:\/\/avasse-se.fr\/wp-content\/uploads\/2025\/03\/tenweb_media_r0fputxv1-840x562.webp\" alt=\"\" class=\"uag-image-149\" width=\"600\" height=\"450\" title=\"tenweb_media_r0fputxv1\" loading=\"lazy\" role=\"img\"\/><\/figure><\/div>\n<\/div>\n\n\n\n<div class=\"wp-block-uagb-container uagb-block-net0inas\">\n<div class=\"wp-block-uagb-image alignleft uagb-block-kmik1ujp wp-block-uagb-image--layout-default wp-block-uagb-image--effect-static wp-block-uagb-image--align-left\"><figure class=\"wp-block-uagb-image__figure\"><img loading=\"lazy\" decoding=\"async\" srcset=\"https:\/\/avasse-se.fr\/wp-content\/uploads\/2025\/03\/tenweb_media_snodfsdyo-840x562.webp ,https:\/\/avasse-se.fr\/wp-content\/uploads\/2025\/03\/tenweb_media_snodfsdyo.webp 780w, https:\/\/avasse-se.fr\/wp-content\/uploads\/2025\/03\/tenweb_media_snodfsdyo.webp 360w\" sizes=\"auto, (max-width: 480px) 150px\" src=\"https:\/\/avasse-se.fr\/wp-content\/uploads\/2025\/03\/tenweb_media_snodfsdyo-840x562.webp\" alt=\"\" class=\"uag-image-148\" width=\"600\" height=\"450\" title=\"tenweb_media_snodfsdyo\" loading=\"lazy\" role=\"img\"\/><\/figure><\/div>\n\n\n\n<div class=\"wp-block-uagb-container uagb-block-c3cqtvbj\">\n<div class=\"wp-block-uagb-info-box uagb-block-xm0kxtd2 uagb-infobox__content-wrap  uagb-infobox-icon-above-title uagb-infobox-image-valign-top\"><div class=\"uagb-ifb-content\"><div class=\"uagb-ifb-title-wrap\"><p class=\"uagb-ifb-title-prefix\">Contr\u00f4le d&#8217;Acc\u00e8s<\/p><h3 class=\"uagb-ifb-title\">Contr\u00f4le d&#8217;Acc\u00e8s<\/h3><\/div><p class=\"uagb-ifb-desc\">La gestion des acc\u00e8s \u00e0 vos locaux est un enjeu majeur pour garantir la s\u00e9curit\u00e9 de votre entreprise ou de votre domicile. Nous vous proposons des solutions de contr\u00f4le d&#8217;acc\u00e8s sur mesure, allant des badges RFID et cartes magn\u00e9tiques aux lecteurs biom\u00e9triques avanc\u00e9s. Ces syst\u00e8mes vous permettent de limiter l&#8217;acc\u00e8s aux zones sensibles et d&#8217;assurer une tra\u00e7abilit\u00e9 des entr\u00e9es et sorties. Notre \u00e9quipe assure \u00e9galement un service de maintenance pr\u00e9ventive et corrective pour garantir que votre syst\u00e8me fonctionne toujours de mani\u00e8re optimale et que les risques d\u2019intrusion soient minimis\u00e9s.<\/p><\/div><\/div>\n<\/div>\n<\/div>\n\n\n\n<div class=\"wp-block-uagb-container uagb-block-fywipczw\">\n<div class=\"wp-block-uagb-container uagb-block-oibdbgjv\">\n<div class=\"wp-block-uagb-info-box uagb-block-tititn5a uagb-infobox__content-wrap  uagb-infobox-icon-above-title uagb-infobox-image-valign-top\"><div class=\"uagb-ifb-content\"><div class=\"uagb-ifb-title-wrap\"><p class=\"uagb-ifb-title-prefix\">Vid\u00e9o-surveillance<\/p><h3 class=\"uagb-ifb-title\">Vid\u00e9o-surveillance<\/h3><\/div><p class=\"uagb-ifb-desc\">La vid\u00e9osurveillance est un outil indispensable pour surveiller vos locaux \u00e0 tout moment, de jour comme de nuit. Nous installons des cam\u00e9ras de surveillance haute d\u00e9finition, adapt\u00e9es \u00e0 vos besoins sp\u00e9cifiques, qu\u2019elles soient int\u00e9rieures ou ext\u00e9rieures. Nos syst\u00e8mes d\u2019enregistrement permettent un acc\u00e8s \u00e0 distance via des applications s\u00e9curis\u00e9es, vous offrant une surveillance continue, m\u00eame lorsque vous \u00eates \u00e0 l\u2019ext\u00e9rieur. Nous proposons \u00e9galement des services de maintenance pour vous assurer que vos \u00e9quipements sont toujours en parfait \u00e9tat de fonctionnement et que votre s\u00e9curit\u00e9 reste maximale.<\/p><\/div><\/div>\n<\/div>\n\n\n\n<div class=\"wp-block-uagb-image alignleft uagb-block-xg6jeutf wp-block-uagb-image--layout-default wp-block-uagb-image--effect-static wp-block-uagb-image--align-left\"><figure class=\"wp-block-uagb-image__figure\"><img loading=\"lazy\" decoding=\"async\" srcset=\"https:\/\/avasse-se.fr\/wp-content\/uploads\/2025\/03\/videosurveillance-840x562.png ,https:\/\/avasse-se.fr\/wp-content\/uploads\/2025\/03\/videosurveillance.png 780w, https:\/\/avasse-se.fr\/wp-content\/uploads\/2025\/03\/videosurveillance.png 360w\" sizes=\"auto, (max-width: 480px) 150px\" src=\"https:\/\/avasse-se.fr\/wp-content\/uploads\/2025\/03\/videosurveillance-840x562.png\" alt=\"\" class=\"uag-image-146\" width=\"600\" height=\"450\" title=\"videosurveillance\" loading=\"lazy\" role=\"img\"\/><\/figure><\/div>\n<\/div>\n<\/div>\n<\/div><\/div>\n\n\n\n<div class=\"wp-block-uagb-container uagb-block-9bgcslfm alignfull uagb-is-root-container\"><div class=\"uagb-container-inner-blocks-wrap\">\n<div class=\"wp-block-uagb-info-box uagb-block-mwkzq8ol uagb-infobox__content-wrap  uagb-infobox-icon-above-title uagb-infobox-image-valign-top\"><div class=\"uagb-ifb-content\"><div class=\"uagb-ifb-title-wrap\"><p class=\"uagb-ifb-title-prefix\">DES QUESTIONS ?<\/p><h2 class=\"uagb-ifb-title\">Contactez-nous pour un devis personnalis\u00e9<\/h2><\/div><p class=\"uagb-ifb-desc\">Vous avez un projet ou des questions sur nos services ? N\u2019h\u00e9sitez pas \u00e0 nous contacter pour obtenir un devis sur mesure, adapt\u00e9 \u00e0 vos besoins sp\u00e9cifiques en mati\u00e8re de s\u00e9curit\u00e9. Notre \u00e9quipe est disponible pour vous conseiller et vous accompagner dans le choix des solutions les plus adapt\u00e9es \u00e0 votre situation.<\/p><\/div><\/div>\n\n\n\n<div class=\"wp-block-uagb-buttons uagb-buttons__outer-wrap uagb-btn__default-btn uagb-btn-tablet__default-btn uagb-btn-mobile__default-btn uagb-block-duktgvvs\"><div class=\"uagb-buttons__wrap uagb-buttons-layout-wrap \">\n<div class=\"wp-block-uagb-buttons-child uagb-buttons__outer-wrap uagb-block-aevt02ix wp-block-button\"><div class=\"uagb-button__wrapper\"><a class=\"uagb-buttons-repeater wp-block-button__link\" aria-label=\"\" href=\"#\" rel=\"follow noopener\" target=\"_self\" role=\"button\"><div class=\"uagb-button__link\">RAPPEL GRATUIT<\/div><\/a><\/div><\/div>\n<\/div><\/div>\n<\/div><\/div>\n\n\n\n<p><\/p>\n","protected":false},"excerpt":{"rendered":"","protected":false},"author":1,"featured_media":0,"parent":0,"menu_order":0,"comment_status":"closed","ping_status":"closed","template":"","meta":{"_uag_custom_page_level_css":"","site-sidebar-layout":"default","site-content-layout":"","ast-site-content-layout":"","site-content-style":"default","site-sidebar-style":"default","ast-global-header-display":"","ast-banner-title-visibility":"","ast-main-header-display":"","ast-hfb-above-header-display":"","ast-hfb-below-header-display":"","ast-hfb-mobile-header-display":"","site-post-title":"disabled","ast-breadcrumbs-content":"","ast-featured-img":"","footer-sml-layout":"","theme-transparent-header-meta":"","adv-header-id-meta":"","stick-header-meta":"","header-above-stick-meta":"","header-main-stick-meta":"","header-below-stick-meta":"","astra-migrate-meta-layouts":"default","ast-page-background-enabled":"default","ast-page-background-meta":{"desktop":{"background-color":"var(--ast-global-color-5)","background-image":"","background-repeat":"repeat","background-position":"center center","background-size":"auto","background-attachment":"scroll","background-type":"","background-media":"","overlay-type":"","overlay-color":"","overlay-opacity":"","overlay-gradient":""},"tablet":{"background-color":"","background-image":"","background-repeat":"repeat","background-position":"center center","background-size":"auto","background-attachment":"scroll","background-type":"","background-media":"","overlay-type":"","overlay-color":"","overlay-opacity":"","overlay-gradient":""},"mobile":{"background-color":"","background-image":"","background-repeat":"repeat","background-position":"center center","background-size":"auto","background-attachment":"scroll","background-type":"","background-media":"","overlay-type":"","overlay-color":"","overlay-opacity":"","overlay-gradient":""}},"ast-content-background-meta":{"desktop":{"background-color":"var(--ast-global-color-4)","background-image":"","background-repeat":"repeat","background-position":"center center","background-size":"auto","background-attachment":"scroll","background-type":"","background-media":"","overlay-type":"","overlay-color":"","overlay-opacity":"","overlay-gradient":""},"tablet":{"background-color":"var(--ast-global-color-4)","background-image":"","background-repeat":"repeat","background-position":"center center","background-size":"auto","background-attachment":"scroll","background-type":"","background-media":"","overlay-type":"","overlay-color":"","overlay-opacity":"","overlay-gradient":""},"mobile":{"background-color":"var(--ast-global-color-4)","background-image":"","background-repeat":"repeat","background-position":"center center","background-size":"auto","background-attachment":"scroll","background-type":"","background-media":"","overlay-type":"","overlay-color":"","overlay-opacity":"","overlay-gradient":""}},"footnotes":""},"class_list":["post-126","page","type-page","status-publish","hentry"],"yoast_head":"<!-- This site is optimized with the Yoast SEO plugin v26.0 - https:\/\/yoast.com\/wordpress\/plugins\/seo\/ -->\n<title>Nos services - AVASSE<\/title>\n<meta name=\"robots\" content=\"index, follow, max-snippet:-1, max-image-preview:large, max-video-preview:-1\" \/>\n<link rel=\"canonical\" href=\"https:\/\/avasse-se.fr\/index.php\/nos-services-2\/\" \/>\n<meta property=\"og:locale\" content=\"en_US\" \/>\n<meta property=\"og:type\" content=\"article\" \/>\n<meta property=\"og:title\" content=\"Nos services - AVASSE\" \/>\n<meta property=\"og:url\" content=\"https:\/\/avasse-se.fr\/index.php\/nos-services-2\/\" \/>\n<meta property=\"og:site_name\" content=\"AVASSE\" \/>\n<meta property=\"article:modified_time\" content=\"2025-07-22T15:55:17+00:00\" \/>\n<meta property=\"og:image\" content=\"https:\/\/avasse-se.fr\/wp-content\/uploads\/2025\/03\/tenweb_media_rgp7bbxfl-840x562.webp\" \/>\n<meta name=\"twitter:card\" content=\"summary_large_image\" \/>\n<meta name=\"twitter:label1\" content=\"Est. reading time\" \/>\n\t<meta name=\"twitter:data1\" content=\"4 minutes\" \/>\n<script type=\"application\/ld+json\" class=\"yoast-schema-graph\">{\"@context\":\"https:\/\/schema.org\",\"@graph\":[{\"@type\":\"WebPage\",\"@id\":\"https:\/\/avasse-se.fr\/index.php\/nos-services-2\/\",\"url\":\"https:\/\/avasse-se.fr\/index.php\/nos-services-2\/\",\"name\":\"Nos services - AVASSE\",\"isPartOf\":{\"@id\":\"https:\/\/avasse-se.fr\/#website\"},\"primaryImageOfPage\":{\"@id\":\"https:\/\/avasse-se.fr\/index.php\/nos-services-2\/#primaryimage\"},\"image\":{\"@id\":\"https:\/\/avasse-se.fr\/index.php\/nos-services-2\/#primaryimage\"},\"thumbnailUrl\":\"https:\/\/avasse-se.fr\/wp-content\/uploads\/2025\/03\/tenweb_media_rgp7bbxfl-840x562.webp\",\"datePublished\":\"2025-03-12T22:55:39+00:00\",\"dateModified\":\"2025-07-22T15:55:17+00:00\",\"breadcrumb\":{\"@id\":\"https:\/\/avasse-se.fr\/index.php\/nos-services-2\/#breadcrumb\"},\"inLanguage\":\"en-US\",\"potentialAction\":[{\"@type\":\"ReadAction\",\"target\":[\"https:\/\/avasse-se.fr\/index.php\/nos-services-2\/\"]}]},{\"@type\":\"ImageObject\",\"inLanguage\":\"en-US\",\"@id\":\"https:\/\/avasse-se.fr\/index.php\/nos-services-2\/#primaryimage\",\"url\":\"https:\/\/avasse-se.fr\/wp-content\/uploads\/2025\/03\/tenweb_media_rgp7bbxfl-840x562.webp\",\"contentUrl\":\"https:\/\/avasse-se.fr\/wp-content\/uploads\/2025\/03\/tenweb_media_rgp7bbxfl-840x562.webp\"},{\"@type\":\"BreadcrumbList\",\"@id\":\"https:\/\/avasse-se.fr\/index.php\/nos-services-2\/#breadcrumb\",\"itemListElement\":[{\"@type\":\"ListItem\",\"position\":1,\"name\":\"Accueil\",\"item\":\"https:\/\/avasse-se.fr\/\"},{\"@type\":\"ListItem\",\"position\":2,\"name\":\"Nos services\"}]},{\"@type\":\"WebSite\",\"@id\":\"https:\/\/avasse-se.fr\/#website\",\"url\":\"https:\/\/avasse-se.fr\/\",\"name\":\"AVASSE\",\"description\":\"Alarme Vid\u00e9osurveillance Acc\u00e8s et porte S\u00e9curis\u00e9 par Syst\u00e8me Electronique\",\"publisher\":{\"@id\":\"https:\/\/avasse-se.fr\/#organization\"},\"potentialAction\":[{\"@type\":\"SearchAction\",\"target\":{\"@type\":\"EntryPoint\",\"urlTemplate\":\"https:\/\/avasse-se.fr\/?s={search_term_string}\"},\"query-input\":{\"@type\":\"PropertyValueSpecification\",\"valueRequired\":true,\"valueName\":\"search_term_string\"}}],\"inLanguage\":\"en-US\"},{\"@type\":\"Organization\",\"@id\":\"https:\/\/avasse-se.fr\/#organization\",\"name\":\"AVASSE\",\"url\":\"https:\/\/avasse-se.fr\/\",\"logo\":{\"@type\":\"ImageObject\",\"inLanguage\":\"en-US\",\"@id\":\"https:\/\/avasse-se.fr\/#\/schema\/logo\/image\/\",\"url\":\"https:\/\/avasse-se.fr\/wp-content\/uploads\/2025\/01\/cropped-logoknza_blanc-1.png\",\"contentUrl\":\"https:\/\/avasse-se.fr\/wp-content\/uploads\/2025\/01\/cropped-logoknza_blanc-1.png\",\"width\":335,\"height\":250,\"caption\":\"AVASSE\"},\"image\":{\"@id\":\"https:\/\/avasse-se.fr\/#\/schema\/logo\/image\/\"}}]}<\/script>\n<!-- \/ Yoast SEO plugin. -->","yoast_head_json":{"title":"Nos services - AVASSE","robots":{"index":"index","follow":"follow","max-snippet":"max-snippet:-1","max-image-preview":"max-image-preview:large","max-video-preview":"max-video-preview:-1"},"canonical":"https:\/\/avasse-se.fr\/index.php\/nos-services-2\/","og_locale":"en_US","og_type":"article","og_title":"Nos services - AVASSE","og_url":"https:\/\/avasse-se.fr\/index.php\/nos-services-2\/","og_site_name":"AVASSE","article_modified_time":"2025-07-22T15:55:17+00:00","og_image":[{"url":"https:\/\/avasse-se.fr\/wp-content\/uploads\/2025\/03\/tenweb_media_rgp7bbxfl-840x562.webp","type":"","width":"","height":""}],"twitter_card":"summary_large_image","twitter_misc":{"Est. reading time":"4 minutes"},"schema":{"@context":"https:\/\/schema.org","@graph":[{"@type":"WebPage","@id":"https:\/\/avasse-se.fr\/index.php\/nos-services-2\/","url":"https:\/\/avasse-se.fr\/index.php\/nos-services-2\/","name":"Nos services - AVASSE","isPartOf":{"@id":"https:\/\/avasse-se.fr\/#website"},"primaryImageOfPage":{"@id":"https:\/\/avasse-se.fr\/index.php\/nos-services-2\/#primaryimage"},"image":{"@id":"https:\/\/avasse-se.fr\/index.php\/nos-services-2\/#primaryimage"},"thumbnailUrl":"https:\/\/avasse-se.fr\/wp-content\/uploads\/2025\/03\/tenweb_media_rgp7bbxfl-840x562.webp","datePublished":"2025-03-12T22:55:39+00:00","dateModified":"2025-07-22T15:55:17+00:00","breadcrumb":{"@id":"https:\/\/avasse-se.fr\/index.php\/nos-services-2\/#breadcrumb"},"inLanguage":"en-US","potentialAction":[{"@type":"ReadAction","target":["https:\/\/avasse-se.fr\/index.php\/nos-services-2\/"]}]},{"@type":"ImageObject","inLanguage":"en-US","@id":"https:\/\/avasse-se.fr\/index.php\/nos-services-2\/#primaryimage","url":"https:\/\/avasse-se.fr\/wp-content\/uploads\/2025\/03\/tenweb_media_rgp7bbxfl-840x562.webp","contentUrl":"https:\/\/avasse-se.fr\/wp-content\/uploads\/2025\/03\/tenweb_media_rgp7bbxfl-840x562.webp"},{"@type":"BreadcrumbList","@id":"https:\/\/avasse-se.fr\/index.php\/nos-services-2\/#breadcrumb","itemListElement":[{"@type":"ListItem","position":1,"name":"Accueil","item":"https:\/\/avasse-se.fr\/"},{"@type":"ListItem","position":2,"name":"Nos services"}]},{"@type":"WebSite","@id":"https:\/\/avasse-se.fr\/#website","url":"https:\/\/avasse-se.fr\/","name":"AVASSE","description":"Alarme Vid\u00e9osurveillance Acc\u00e8s et porte S\u00e9curis\u00e9 par Syst\u00e8me Electronique","publisher":{"@id":"https:\/\/avasse-se.fr\/#organization"},"potentialAction":[{"@type":"SearchAction","target":{"@type":"EntryPoint","urlTemplate":"https:\/\/avasse-se.fr\/?s={search_term_string}"},"query-input":{"@type":"PropertyValueSpecification","valueRequired":true,"valueName":"search_term_string"}}],"inLanguage":"en-US"},{"@type":"Organization","@id":"https:\/\/avasse-se.fr\/#organization","name":"AVASSE","url":"https:\/\/avasse-se.fr\/","logo":{"@type":"ImageObject","inLanguage":"en-US","@id":"https:\/\/avasse-se.fr\/#\/schema\/logo\/image\/","url":"https:\/\/avasse-se.fr\/wp-content\/uploads\/2025\/01\/cropped-logoknza_blanc-1.png","contentUrl":"https:\/\/avasse-se.fr\/wp-content\/uploads\/2025\/01\/cropped-logoknza_blanc-1.png","width":335,"height":250,"caption":"AVASSE"},"image":{"@id":"https:\/\/avasse-se.fr\/#\/schema\/logo\/image\/"}}]}},"uagb_featured_image_src":{"full":false,"thumbnail":false,"medium":false,"medium_large":false,"large":false,"1536x1536":false,"2048x2048":false},"uagb_author_info":{"display_name":"admin6579","author_link":"https:\/\/avasse-se.fr\/index.php\/author\/admin6579\/"},"uagb_comment_info":0,"uagb_excerpt":null,"_links":{"self":[{"href":"https:\/\/avasse-se.fr\/index.php\/wp-json\/wp\/v2\/pages\/126","targetHints":{"allow":["GET"]}}],"collection":[{"href":"https:\/\/avasse-se.fr\/index.php\/wp-json\/wp\/v2\/pages"}],"about":[{"href":"https:\/\/avasse-se.fr\/index.php\/wp-json\/wp\/v2\/types\/page"}],"author":[{"embeddable":true,"href":"https:\/\/avasse-se.fr\/index.php\/wp-json\/wp\/v2\/users\/1"}],"replies":[{"embeddable":true,"href":"https:\/\/avasse-se.fr\/index.php\/wp-json\/wp\/v2\/comments?post=126"}],"version-history":[{"count":5,"href":"https:\/\/avasse-se.fr\/index.php\/wp-json\/wp\/v2\/pages\/126\/revisions"}],"predecessor-version":[{"id":150,"href":"https:\/\/avasse-se.fr\/index.php\/wp-json\/wp\/v2\/pages\/126\/revisions\/150"}],"wp:attachment":[{"href":"https:\/\/avasse-se.fr\/index.php\/wp-json\/wp\/v2\/media?parent=126"}],"curies":[{"name":"wp","href":"https:\/\/api.w.org\/{rel}","templated":true}]}}